{"id":10,"date":"2016-02-07T15:53:02","date_gmt":"2016-02-07T14:53:02","guid":{"rendered":"https:\/\/inf.gymgmunden.at\/?page_id=10"},"modified":"2016-02-07T16:12:35","modified_gmt":"2016-02-07T15:12:35","slug":"informatik-5-klasse","status":"publish","type":"page","link":"https:\/\/inf.gymgmunden.at\/index.php\/informatik-5-klasse\/","title":{"rendered":"Informatik 5. Klasse"},"content":{"rendered":"<p>Seit dem Schuljahr 2015\/16 bearbeiten wir im<strong> Pflichtgegenstand Informatik 5. Klasse<\/strong> unter anderem folgende Themen:<\/p>\n<ul>\n<li>Berufsfeld Informatik, Informatik &amp; Gesellschaft<\/li>\n<li>Einf\u00fchrung in die Grundlagen der Programmierung\n<ul>\n<li>spielerische Einf\u00fchrung in das Programmieren<\/li>\n<li>Scratch<\/li>\n<\/ul>\n<\/li>\n<li>Biber der Informatik<\/li>\n<li>Theoretische Informatik\n<ul>\n<li>Bin\u00e4rsystem<\/li>\n<li>Rechnen im Bin\u00e4rsystem<\/li>\n<\/ul>\n<\/li>\n<li>Professionelles Pr\u00e4sentieren\n<ul>\n<li>mit PowerPoint<\/li>\n<li>mit anderen Pr\u00e4sentationsprogrammen wie Prezi, &#8230;<\/li>\n<\/ul>\n<\/li>\n<li>Hardware\n<ul>\n<li>Bestandteile eines Computers<\/li>\n<li>Computer zerlegen und zusammenbauen<\/li>\n<li>von-Neumann Architektur<\/li>\n<\/ul>\n<\/li>\n<li>Professionelle Textverarbeitung\n<ul>\n<li>Absatz-Formatvorlagen verwenden<\/li>\n<li>Inhalts- und Abbildungverzeichnisse<\/li>\n<li>Layouten<\/li>\n<\/ul>\n<\/li>\n<li>Safer Internet, Datenschutz, Privatsph\u00e4re, Cybermobbing, &#8230;<\/li>\n<li>Webseiten programmieren<\/li>\n<li>Professionelle Tabellenkalkulation mit Excel\n<ul>\n<li>Tabellen\u00fcbergreifende Kalkulationen<\/li>\n<li>Matrixbefehle<\/li>\n<\/ul>\n<\/li>\n<li>Einf\u00fchrung in Datenbanken<\/li>\n<li>Bildbearbeitung<\/li>\n<\/ul>\n","protected":false},"excerpt":{"rendered":"<p>Seit dem Schuljahr 2015\/16 bearbeiten wir im Pflichtgegenstand Informatik 5. Klasse unter anderem folgende Themen: Berufsfeld Informatik, Informatik &amp; Gesellschaft Einf\u00fchrung in die Grundlagen der Programmierung spielerische Einf\u00fchrung in das Programmieren Scratch Biber der Informatik Theoretische Informatik Bin\u00e4rsystem Rechnen im Bin\u00e4rsystem Professionelles Pr\u00e4sentieren mit PowerPoint mit anderen Pr\u00e4sentationsprogrammen wie Prezi, &#8230; Hardware Bestandteile eines Computers [&hellip;]<\/p>\n","protected":false},"author":1,"featured_media":29,"parent":0,"menu_order":0,"comment_status":"closed","ping_status":"closed","template":"","meta":{"footnotes":""},"class_list":["post-10","page","type-page","status-publish","has-post-thumbnail","hentry"],"_links":{"self":[{"href":"https:\/\/inf.gymgmunden.at\/index.php\/wp-json\/wp\/v2\/pages\/10","targetHints":{"allow":["GET"]}}],"collection":[{"href":"https:\/\/inf.gymgmunden.at\/index.php\/wp-json\/wp\/v2\/pages"}],"about":[{"href":"https:\/\/inf.gymgmunden.at\/index.php\/wp-json\/wp\/v2\/types\/page"}],"author":[{"embeddable":true,"href":"https:\/\/inf.gymgmunden.at\/index.php\/wp-json\/wp\/v2\/users\/1"}],"replies":[{"embeddable":true,"href":"https:\/\/inf.gymgmunden.at\/index.php\/wp-json\/wp\/v2\/comments?post=10"}],"version-history":[{"count":4,"href":"https:\/\/inf.gymgmunden.at\/index.php\/wp-json\/wp\/v2\/pages\/10\/revisions"}],"predecessor-version":[{"id":28,"href":"https:\/\/inf.gymgmunden.at\/index.php\/wp-json\/wp\/v2\/pages\/10\/revisions\/28"}],"wp:featuredmedia":[{"embeddable":true,"href":"https:\/\/inf.gymgmunden.at\/index.php\/wp-json\/wp\/v2\/media\/29"}],"wp:attachment":[{"href":"https:\/\/inf.gymgmunden.at\/index.php\/wp-json\/wp\/v2\/media?parent=10"}],"curies":[{"name":"wp","href":"https:\/\/api.w.org\/{rel}","templated":true}]}}