{"id":1183,"date":"2018-05-24T17:29:57","date_gmt":"2018-05-24T15:29:57","guid":{"rendered":"https:\/\/inf.gymgmunden.at\/?page_id=1183"},"modified":"2018-05-25T10:19:21","modified_gmt":"2018-05-25T08:19:21","slug":"datenschutzerklaerung","status":"publish","type":"page","link":"https:\/\/inf.gymgmunden.at\/index.php\/datenschutzerklaerung\/","title":{"rendered":"Datenschutzerkl\u00e4rung \/ Impressum"},"content":{"rendered":"<h2>Wer wir sind<\/h2>\n<p>Die Adresse unserer Website ist: https:\/\/inf.gymgmunden.at. Die Artikel dieser Seite werden vorwiegend von Mag. Karen Hollweger bzw. Mag. Dr. Stefan Krejci bzw. von Sch\u00fclerInnen im Informatik-Unterricht geschrieben und ver\u00f6ffentlicht.<\/p>\n<h2>Welche personenbezogenen Daten wir sammeln und warum wir sie sammeln<\/h2>\n<h3>Kommentare<\/h3>\n<p>Auf unserer Seite ist die Kommentarfunktion deaktiviert.<\/p>\n<h3>Medien<\/h3>\n<p>Auf unserer Seite k\u00f6nnen keine user-eigenen Medien hochgeladen werden. Alle von uns ver\u00f6ffentlichten Medien werden sorgf\u00e4ltig gepr\u00fcft.<\/p>\n<h3>Kontaktformulare<\/h3>\n<h3>Cookies<\/h3>\n<p>Auf unserer Seite kann sich kein User registrieren, es k\u00f6nnen keine Kommentare gepostet werden, und kein User au\u00dfer den Administratoren kann selbstst\u00e4ndig Artikel schreiben und\/oder ver\u00f6ffentlichen.<\/p>\n<h3>Eingebettete Inhalte von anderen Websites<\/h3>\n<p>Beitr\u00e4ge auf dieser Website k\u00f6nnen eingebettete Inhalte beinhalten (z.\u00a0B. Videos, Bilder, Beitr\u00e4ge etc.). Eingebettete Inhalte von anderen Websites verhalten sich exakt so, als ob der Besucher die andere Website besucht h\u00e4tte.<\/p>\n<p>Diese Websites k\u00f6nnen Daten \u00fcber dich sammeln, Cookies benutzen, zus\u00e4tzliche Tracking-Dienste von Dritten einbetten und deine Interaktion mit diesem eingebetteten Inhalt aufzeichnen, inklusive deiner Interaktion mit dem eingebetteten Inhalt, falls du ein Konto hast und auf dieser Website angemeldet bist.<\/p>\n<h3>Analysedienste<\/h3>\n<h2>Mit wem wir deine Daten teilen<\/h2>\n<p>Wir verwenden auf unserer Homepage zur Zeit keine Analysedienste von Drittanbietern.<\/p>\n<h2>Wie lange wir deine Daten speichern<\/h2>\n<p>Auf unserer Homepage k\u00f6nnen keine Kommentare gepostet werden, ebenso kann sich niemand registrieren.<\/p>\n<h2>Welche Rechte du an deinen Daten hast<\/h2>\n<p>Wenn du ein Konto auf dieser Website besitzt oder Kommentare geschrieben hast, kannst du einen Export deiner personenbezogenen Daten bei uns anfordern, inklusive aller Daten, die du uns mitgeteilt hast. Dar\u00fcber hinaus kannst du die L\u00f6schung aller personenbezogenen Daten, die wir von dir gespeichert haben, anfordern. Dies umfasst nicht die Daten, die wir aufgrund administrativer, rechtlicher oder sicherheitsrelevanter Notwendigkeiten aufbewahren m\u00fcssen.<\/p>\n<h2>Wohin wir deine Daten senden<\/h2>\n<p>Besucher-Kommentare k\u00f6nnten von einem automatisierten Dienst zur Spam-Erkennung untersucht werden.<\/p>\n<h2>Deine Kontakt-Informationen<\/h2>\n<p>F\u00fcr unsere Seite inf.gymgmunden.at sind in erster Linie zust\u00e4ndig <a href=\"HOK@gymgmunden.at\">Mag. Karen Hollweger<\/a> und <a href=\"KRS@gymgmunden.at\">Mag. Dr. Stefan Krejci<\/a>.<\/p>\n<h2>Weitere Informationen<\/h2>\n<h3>Wie wir deine Daten sch\u00fctzen<\/h3>\n<p>Wir sammeln und speichern (wissentlich) keine Daten, da wir keine Zusatzsoftware von Drittanbietern verwenden.<\/p>\n<h3>Welche Ma\u00dfnahmen wir bei Datenschutzverletzungen anbieten<\/h3>\n<p>Sollte der Verdacht auf Datenschutzverletzung aufkommen, bitten wir um sofortige Kontaktaufnahme!<\/p>\n<h3>Von welchen Drittanbietern wir Daten erhalten<\/h3>\n<p>Wir erhalten keine Daten von Drittanbietern.<\/p>\n<h3>Welche automatisierte Entscheidungsfindung und\/oder Profilerstellung wir mit Benutzerdaten durchf\u00fchren<\/h3>\n<p>Wir f\u00fchren keine automatisierte Entscheidungsfindung und\/oder Profilerstellung durch, da wir keine Benutzerdaten speichern.<\/p>\n<h1>Impressum<\/h1>\n<p>BG BRG Gmunden<br \/>\nKeramikstra\u00dfe 28<br \/>\n4810 Gmunden<br \/>\nFachabteilung Informatik<br \/>\nAnsprechpersonen: <a href=\"HOK@gymgmunden.at\">Mag. Karen Hollweger<\/a>, <a href=\"KRS@gymgmunden.at\">Mag. Dr. Stefan Krejci<\/a><\/p>\n","protected":false},"excerpt":{"rendered":"<p>Wer wir sind Die Adresse unserer Website ist: https:\/\/inf.gymgmunden.at. Die Artikel dieser Seite werden vorwiegend von Mag. Karen Hollweger bzw. Mag. Dr. Stefan Krejci bzw. von Sch\u00fclerInnen im Informatik-Unterricht geschrieben und ver\u00f6ffentlicht. Welche personenbezogenen Daten wir sammeln und warum wir sie sammeln Kommentare Auf unserer Seite ist die Kommentarfunktion deaktiviert. Medien Auf unserer Seite k\u00f6nnen [&hellip;]<\/p>\n","protected":false},"author":1,"featured_media":0,"parent":0,"menu_order":0,"comment_status":"closed","ping_status":"closed","template":"","meta":{"footnotes":""},"class_list":["post-1183","page","type-page","status-publish","hentry"],"_links":{"self":[{"href":"https:\/\/inf.gymgmunden.at\/index.php\/wp-json\/wp\/v2\/pages\/1183","targetHints":{"allow":["GET"]}}],"collection":[{"href":"https:\/\/inf.gymgmunden.at\/index.php\/wp-json\/wp\/v2\/pages"}],"about":[{"href":"https:\/\/inf.gymgmunden.at\/index.php\/wp-json\/wp\/v2\/types\/page"}],"author":[{"embeddable":true,"href":"https:\/\/inf.gymgmunden.at\/index.php\/wp-json\/wp\/v2\/users\/1"}],"replies":[{"embeddable":true,"href":"https:\/\/inf.gymgmunden.at\/index.php\/wp-json\/wp\/v2\/comments?post=1183"}],"version-history":[{"count":5,"href":"https:\/\/inf.gymgmunden.at\/index.php\/wp-json\/wp\/v2\/pages\/1183\/revisions"}],"predecessor-version":[{"id":1189,"href":"https:\/\/inf.gymgmunden.at\/index.php\/wp-json\/wp\/v2\/pages\/1183\/revisions\/1189"}],"wp:attachment":[{"href":"https:\/\/inf.gymgmunden.at\/index.php\/wp-json\/wp\/v2\/media?parent=1183"}],"curies":[{"name":"wp","href":"https:\/\/api.w.org\/{rel}","templated":true}]}}