{"id":546,"date":"2016-06-20T13:13:39","date_gmt":"2016-06-20T11:13:39","guid":{"rendered":"https:\/\/inf.gymgmunden.at\/?page_id=546"},"modified":"2016-07-07T08:55:00","modified_gmt":"2016-07-07T06:55:00","slug":"sportfestalternative-1-ggopenttd-lan-party","status":"publish","type":"page","link":"https:\/\/inf.gymgmunden.at\/index.php\/sportfestalternative-1-ggopenttd-lan-party\/","title":{"rendered":"Sportfest f\u00fcr Sportmuffel: 1. ggOpenTTD LAN-Party"},"content":{"rendered":"<p>Am Donnerstag in der letzten Schulwoche findet allj\u00e4hrlich das von Sch\u00fclern f\u00fcr Sch\u00fcler organisierte Sportfest statt. <strong>Selbstverst\u00e4ndlich m\u00f6chten wir von der Schule aus, dass m\u00f6glichst jede\/r daran teilnimmt<\/strong>! Unsere bzw. eigentlich eure Sch\u00fclervertretung organisiert dieses Sportfest schlie\u00dflich mit sehr viel Engagement!<\/p>\n<p>F\u00fcr jene, die weder als aktiver noch als passiver Sportler (sprich Spieler oder Zuschauer) daran teilnehmen m\u00f6chten, organisieren die Sch\u00fcler des WPG Informatik 6. Klasse eine LAN-Party im Mehrzwecksaal.<\/p>\n<p><a href=\"https:\/\/inf.gymgmunden.at\/wp-content\/uploads\/2016\/06\/openttd01.jpg\"><img loading=\"lazy\" decoding=\"async\" class=\"aligncenter size-medium wp-image-547\" src=\"https:\/\/inf.gymgmunden.at\/wp-content\/uploads\/2016\/06\/openttd01-300x113.jpg\" alt=\"openttd01\" width=\"300\" height=\"113\" srcset=\"https:\/\/inf.gymgmunden.at\/wp-content\/uploads\/2016\/06\/openttd01-300x113.jpg 300w, https:\/\/inf.gymgmunden.at\/wp-content\/uploads\/2016\/06\/openttd01-640x242.jpg 640w, https:\/\/inf.gymgmunden.at\/wp-content\/uploads\/2016\/06\/openttd01.jpg 800w\" sizes=\"auto, (max-width: 300px) 100vw, 300px\" \/><\/a><\/p>\n<p>Gespielt wird OpenTTD, ein Strategiespiel im Transportmanagement.<\/p>\n<p>Voraussetzungen f\u00fcr die Teilnahme:<\/p>\n<ul>\n<li>eigenes Notebook<\/li>\n<li>installiertes <a href=\"http:\/\/www.openttd.org\/en\/download-stable\" target=\"_blank\">OpenTTD<\/a> (Version 1.6.0)<\/li>\n<li>etwas \u00dcbung im Spielen, weil es soll auf der LAN-Party Action geben!<\/li>\n<\/ul>\n<p>F\u00fcr letzten Punkt haben die Sch\u00fcler des WPG Inf 6 eigene Tutorials erstellt:<\/p>\n<p><strong>Zugstrecke erbauen<\/strong><\/p>\n<div style=\"width: 480px;\" class=\"wp-video\"><!--[if lt IE 9]><script>document.createElement('video');<\/script><![endif]-->\n<video class=\"wp-video-shortcode\" id=\"video-546-1\" width=\"480\" height=\"320\" poster=\"https:\/\/inf.gymgmunden.at\/wp-content\/uploads\/2016\/06\/Zugstrecke-erstellen_x264-mp4-image.png\" preload=\"metadata\" controls=\"controls\"><source type=\"video\/mp4\" src=\"https:\/\/inf.gymgmunden.at\/wp-content\/uploads\/2016\/06\/Zugstrecke-erstellen_x264.mp4?_=1\" \/><a href=\"https:\/\/inf.gymgmunden.at\/wp-content\/uploads\/2016\/06\/Zugstrecke-erstellen_x264.mp4\">https:\/\/inf.gymgmunden.at\/wp-content\/uploads\/2016\/06\/Zugstrecke-erstellen_x264.mp4<\/a><\/video><\/div>\n<p><strong>Zug erstellen<\/strong><\/p>\n<div style=\"width: 480px;\" class=\"wp-video\"><video class=\"wp-video-shortcode\" id=\"video-546-2\" width=\"480\" height=\"320\" poster=\"https:\/\/inf.gymgmunden.at\/wp-content\/uploads\/2016\/06\/Zug-erstellen_x264-mp4-image.png\" preload=\"metadata\" controls=\"controls\"><source type=\"video\/mp4\" src=\"https:\/\/inf.gymgmunden.at\/wp-content\/uploads\/2016\/06\/Zug-erstellen_x264.mp4?_=2\" \/><a href=\"https:\/\/inf.gymgmunden.at\/wp-content\/uploads\/2016\/06\/Zug-erstellen_x264.mp4\">https:\/\/inf.gymgmunden.at\/wp-content\/uploads\/2016\/06\/Zug-erstellen_x264.mp4<\/a><\/video><\/div>\n<p><strong>\u00d6lquellen mit Raffinerie verbinden<\/strong><\/p>\n<div style=\"width: 480px;\" class=\"wp-video\"><video class=\"wp-video-shortcode\" id=\"video-546-3\" width=\"480\" height=\"320\" poster=\"https:\/\/inf.gymgmunden.at\/wp-content\/uploads\/2016\/06\/TutorialOelzug_x264-mp4-image.png\" preload=\"metadata\" controls=\"controls\"><source type=\"video\/mp4\" src=\"https:\/\/inf.gymgmunden.at\/wp-content\/uploads\/2016\/06\/TutorialOelzug_x264.mp4?_=3\" \/><a href=\"https:\/\/inf.gymgmunden.at\/wp-content\/uploads\/2016\/06\/TutorialOelzug_x264.mp4\">https:\/\/inf.gymgmunden.at\/wp-content\/uploads\/2016\/06\/TutorialOelzug_x264.mp4<\/a><\/video><\/div>\n<p>&nbsp;<\/p>\n<p><a href=\"https:\/\/inf.gymgmunden.at\/wp-content\/uploads\/2016\/06\/TutorialTransporterTycoon_01_Grundlagen.pdf\" target=\"_blank\">Tutorial 01 Grundlagen<\/a><\/p>\n<p><a href=\"https:\/\/inf.gymgmunden.at\/wp-content\/uploads\/2016\/06\/TutorialTransporterTycoon_02_MehrgleisigeStreckenSignale.pdf\" target=\"_blank\">Tutorial 02 Mehrgleisige Strecken, Signale<\/a><\/p>\n<p><a href=\"https:\/\/inf.gymgmunden.at\/wp-content\/uploads\/2016\/07\/TutorialTransporterTycoon_03_KreuzungenBrueckenTunnels.pdf\" target=\"_blank\">Tutorial 03 Kreuzungen, Br\u00fccken, Tunnels<\/a><\/p>\n<p><a href=\"https:\/\/inf.gymgmunden.at\/wp-content\/uploads\/2016\/06\/TutorialTransporterTycoon_04_EinGuterStart.pdf\" target=\"_blank\">Tutorial 04 Ein guter Start ins Spiel<\/a><\/p>\n","protected":false},"excerpt":{"rendered":"<p>Am Donnerstag in der letzten Schulwoche findet allj\u00e4hrlich das von Sch\u00fclern f\u00fcr Sch\u00fcler organisierte Sportfest statt. Selbstverst\u00e4ndlich m\u00f6chten wir von der Schule aus, dass m\u00f6glichst jede\/r daran teilnimmt! Unsere bzw. eigentlich eure Sch\u00fclervertretung organisiert dieses Sportfest schlie\u00dflich mit sehr viel Engagement! F\u00fcr jene, die weder als aktiver noch als passiver Sportler (sprich Spieler oder Zuschauer) [&hellip;]<\/p>\n","protected":false},"author":1,"featured_media":0,"parent":0,"menu_order":0,"comment_status":"closed","ping_status":"closed","template":"","meta":{"footnotes":""},"class_list":["post-546","page","type-page","status-publish","hentry"],"_links":{"self":[{"href":"https:\/\/inf.gymgmunden.at\/index.php\/wp-json\/wp\/v2\/pages\/546","targetHints":{"allow":["GET"]}}],"collection":[{"href":"https:\/\/inf.gymgmunden.at\/index.php\/wp-json\/wp\/v2\/pages"}],"about":[{"href":"https:\/\/inf.gymgmunden.at\/index.php\/wp-json\/wp\/v2\/types\/page"}],"author":[{"embeddable":true,"href":"https:\/\/inf.gymgmunden.at\/index.php\/wp-json\/wp\/v2\/users\/1"}],"replies":[{"embeddable":true,"href":"https:\/\/inf.gymgmunden.at\/index.php\/wp-json\/wp\/v2\/comments?post=546"}],"version-history":[{"count":6,"href":"https:\/\/inf.gymgmunden.at\/index.php\/wp-json\/wp\/v2\/pages\/546\/revisions"}],"predecessor-version":[{"id":638,"href":"https:\/\/inf.gymgmunden.at\/index.php\/wp-json\/wp\/v2\/pages\/546\/revisions\/638"}],"wp:attachment":[{"href":"https:\/\/inf.gymgmunden.at\/index.php\/wp-json\/wp\/v2\/media?parent=546"}],"curies":[{"name":"wp","href":"https:\/\/api.w.org\/{rel}","templated":true}]}}