{"id":57,"date":"2016-02-08T09:42:41","date_gmt":"2016-02-08T08:42:41","guid":{"rendered":"https:\/\/inf.gymgmunden.at\/?page_id=57"},"modified":"2017-01-09T15:27:57","modified_gmt":"2017-01-09T14:27:57","slug":"wpg-themenbereiche","status":"publish","type":"page","link":"https:\/\/inf.gymgmunden.at\/index.php\/wpg-themenbereiche\/","title":{"rendered":"WPG Themenbereiche"},"content":{"rendered":"<figure id=\"attachment_5992\" aria-describedby=\"caption-attachment-5992\" style=\"width: 150px\" class=\"wp-caption alignright\"><a href=\"https:\/\/www.gymgmunden.at\/wp-content\/uploads\/2016\/01\/p1090512.jpg\"><img loading=\"lazy\" decoding=\"async\" class=\"size-thumbnail wp-image-5992\" src=\"https:\/\/www.gymgmunden.at\/wp-content\/uploads\/2016\/01\/p1090512-150x150.jpg\" alt=\"Das Siegerfoto!\" width=\"150\" height=\"150\" \/><\/a><figcaption id=\"caption-attachment-5992\" class=\"wp-caption-text\">Das Team-Siegerfoto 2016 im AEC Linz<\/figcaption><\/figure>\n<p><strong>Lego-Roboter Programmierung<\/strong>: Lass den Roboter durch einen Hindernis-Parcours fahren! Wer ist schneller? Wie lasse ich einen Roboter automatisch einparken? Top Themen &#8222;im Kleinformat&#8220;, wenn man an die aktuellen Entwicklungen mit autonom fahrenden Autos wie denen von Google denkt!<\/p>\n<p>Seit 2013 gibt es au\u00dferdem wieder eine Lego-Roboter-Gruppe bei uns am BG BRG Gmunden. Bei Interesse Teilnahme an der First Lego League (Dezember\/J\u00e4nner). Die vier M\u00e4dchen des Teams 2015\/16 gewannen die Teamwertung in O\u00d6!<\/p>\n<p>Bei Interesse Fortf\u00fchrung im Rahmen eines weiteren Wettbewerbs (aktuell J\u00e4n.\/Feb. 2016 in Vorbereitung!) in Zusammenarbeit mit dem WPG Physik; oder einfach nur so zum Spa\u00df einen Parcours f\u00fcr den Roboter programmieren<\/p>\n<div style=\"text-align: center;\">\n<div style=\"width: 320px;\" class=\"wp-video\"><!--[if lt IE 9]><script>document.createElement('video');<\/script><![endif]-->\n<video class=\"wp-video-shortcode\" id=\"video-57-1\" width=\"320\" height=\"240\" preload=\"metadata\" controls=\"controls\"><source type=\"video\/mp4\" src=\"https:\/\/www.gymgmunden.at\/wp-content\/uploads\/2016\/01\/p1090492_x264.mp4?_=1\" \/><a href=\"https:\/\/www.gymgmunden.at\/wp-content\/uploads\/2016\/01\/p1090492_x264.mp4\">https:\/\/www.gymgmunden.at\/wp-content\/uploads\/2016\/01\/p1090492_x264.mp4<\/a><\/video><\/div>\n<\/div>\n<figure id=\"attachment_5914\" aria-describedby=\"caption-attachment-5914\" style=\"width: 150px\" class=\"wp-caption alignright\"><a href=\"https:\/\/studio.code.org\/s\/20-hour\/stage\/2\/puzzle\/1\"><img loading=\"lazy\" decoding=\"async\" class=\"size-thumbnail wp-image-5914 \" title=\"Klicke auf das Bild und probier aus, ob dir Programmieren gef\u00e4llt! Wer wei\u00df?\" src=\"https:\/\/www.gymgmunden.at\/wp-content\/uploads\/2014\/01\/code02-150x150.png\" alt=\"Klicke auf das Bild und probier aus, ob dir Programmieren gef\u00e4llt! Wer wei\u00df?\" width=\"150\" height=\"150\" \/><\/a><figcaption id=\"caption-attachment-5914\" class=\"wp-caption-text\">Klicke auf das Bild und probier aus, ob dir Programmieren gef\u00e4llt! Wer wei\u00df?<\/figcaption><\/figure>\n<p><a href=\"https:\/\/www.gymgmunden.at\/wp-content\/uploads\/2014\/01\/php01.png\"><img loading=\"lazy\" decoding=\"async\" class=\"alignleft size-thumbnail wp-image-6219\" src=\"https:\/\/www.gymgmunden.at\/wp-content\/uploads\/2014\/01\/php01-150x150.png\" alt=\"php01\" width=\"150\" height=\"150\" \/><\/a><strong>Programmieren<\/strong>: Wir erlernen gemeinsam eine Programmiersprache wie z.B. <a title=\"PHP\" href=\"http:\/\/www.php.net\/\" target=\"_blank\">PHP <\/a>oder <a title=\"Learning C#\" href=\"https:\/\/mva.microsoft.com\/en-us\/training-courses\/c-fundamentals-for-absolute-beginners-8295?l=bifAqFYy_204984382\">C#<\/a>. Das &#8222;Programmieren k\u00f6nnen&#8220; ist Grundlage f\u00fcr fast alle informatischen Teilbereiche. Meist erfolgt das Programmieren in einigen gemeinsamen Lerneinheiten, gefolgt von einem Projekt. Aktuell haben die Sch\u00fcler des WPG Informatik 6. Klasse gemeinsam das Projekt &#8222;<a title=\"Project eyeMash\" href=\"http:\/\/eyemash.gymgmunden.at\" target=\"_blank\">eyeMash<\/a>&#8220; f\u00fcr den Safer Internet Month 2016 erarbeitet. Dabei lernt man unter anderem&#8230;<\/p>\n<ul>\n<li>&#8230;wann ein eigenes Programm schreiben \u00fcberhaupt Sinn macht (und wo nicht),<\/li>\n<li>&#8230;Begriffe wie client- und serverseitige Applikationen verstehen,<\/li>\n<li>&#8230;die Unterschiede zwischen prozedurealem und objektorientiertem Programmieren,<\/li>\n<li>&#8230;was ein Lifecycle einer Software bedeutet und wie man beim Programmieren bereits vorausschauend darauf achtet,<\/li>\n<li>&#8230;wie man Programmcode professionalisiert,<\/li>\n<li>&#8230;und noch vieles mehr.<\/li>\n<\/ul>\n<p><a href=\"https:\/\/www.gymgmunden.at\/wp-content\/uploads\/2014\/01\/swlc01.png\"><img loading=\"lazy\" decoding=\"async\" class=\"alignright size-thumbnail wp-image-6217\" src=\"https:\/\/www.gymgmunden.at\/wp-content\/uploads\/2014\/01\/swlc01-150x150.png\" alt=\"swlc01\" width=\"150\" height=\"150\" \/><\/a><\/p>\n<p>&nbsp;<\/p>\n<p><strong>Softwareengineering<\/strong>: Unter Softwareengineering versteht man (1) das Designen, Entwerfen von Software, (2) die Herstellung der Software, sprich das Modellieren und Programmieren, sowie (3) den Betrieb, die Wartung der Software. Wie schaut die Software optisch aus? Wie navigiert man schl\u00fcssig durch die Software? Mit welchen Daten arbeitet die Software? Wie spielen die einzelnen Komponenten einer Software zusammen? In einem Softwareentwicklungsteam lautet die entsprechende Rolle &#8222;Software Architect&#8220;. Und der ist \u00fcblicherweise auch nicht grad schlecht bezahlt, weil sehr verantwortungsvoll!<\/p>\n<p>&nbsp;<\/p>\n<p><a href=\"https:\/\/www.gymgmunden.at\/wp-content\/uploads\/2014\/01\/apache01.png\"><img loading=\"lazy\" decoding=\"async\" class=\"alignleft size-thumbnail wp-image-6221\" src=\"https:\/\/www.gymgmunden.at\/wp-content\/uploads\/2014\/01\/apache01-150x150.png\" alt=\"apache01\" width=\"150\" height=\"150\" \/><\/a><strong>Webserver selbst gebastelt<\/strong>: Grundlage von Web-Applikationen, wie sie heutzutage Stand der Technik sind, bilden hoch skalierte und stabil laufende Webserver. Jede\/r WPG-Teilnehmer\/in wird selbst einen eigenen Webserver aufbauen: angefangen von der Installation \u00fcber die Konfiguration bis hin zu Sicherheitsaspekten f\u00fcr den Betrieb eines Webservers. Je nach Interesse gehen wir in diesem Zusammenhang auch auf moderne Webserver-Architekturen wie NodeJS ein und versuchen uns im Programmieren von Echtzeit-Anwendungen bzw. Websockets &#8211; ein kleiner Live-Chat ist in einer Stunde fertig!<\/p>\n<p>&nbsp;<\/p>\n<p><a href=\"https:\/\/www.gymgmunden.at\/wp-content\/uploads\/2014\/01\/hacking.png\"><img loading=\"lazy\" decoding=\"async\" class=\"alignright size-thumbnail wp-image-5900\" src=\"https:\/\/www.gymgmunden.at\/wp-content\/uploads\/2014\/01\/hacking-150x150.png\" alt=\"hacking\" width=\"150\" height=\"150\" \/><\/a><strong>Web-Security<\/strong>: Angriffsszenarien: Wie arbeiten Hacker? Wie funktioniert ein Hackerangriff? Welche Arten von Hackerangriffen gibt es? Wie kann man sich als Webseitenbetreiber vor Hackerangriffen sch\u00fctzen? In diesem Kapitel lernen wir verschiedene Hacker-Methoden verstehen und wenden sie in gesch\u00fctzten Umgebungen teilweise an. Du wirst sehen: Hacken will echt gelernt sein! Das kann schnell sehr tricky werden! Am anderen Ende der Leitung werden wir uns mit Schutzma\u00dfnahmen vor verschiedenen Hacker-Angriffen besch\u00e4ftigen.<\/p>\n<p>&nbsp;<\/p>\n<p><a href=\"https:\/\/www.gymgmunden.at\/wp-content\/uploads\/2014\/01\/i40.png\"><img loading=\"lazy\" decoding=\"async\" class=\"alignright size-thumbnail wp-image-6247\" src=\"https:\/\/www.gymgmunden.at\/wp-content\/uploads\/2014\/01\/i40-150x150.png\" alt=\"i40\" width=\"150\" height=\"150\" \/><\/a><\/p>\n<p>&nbsp;<\/p>\n<p><strong>Netzwerktechnologie<\/strong>: Eines der Top-Themen der heutigen Zeit in der Informatik! Alle Welt ist so sehr vernetzt wie nie zuvor &#8211; und es wird immer mehr! Schlagwort Social Networks, jederfrau und -man(n) bekannt. Aber ist dir auch &#8222;Industrie 4.0&#8220; bekannt? _Das_ Thema schlechthin bei allen Wirtschaftsgipfeln derzeit, die Industrie r\u00fcstet sich auf volle Vernetzung. Maschinen, die untereinander kommunizieren, Daten und Informationen \u00fcber das zu produzierende Werkst\u00fcck austauschen.<\/p>\n<p><a href=\"https:\/\/www.gymgmunden.at\/wp-content\/uploads\/2014\/01\/googletraffic.png\"><img loading=\"lazy\" decoding=\"async\" class=\"alignleft size-thumbnail wp-image-6249\" src=\"https:\/\/www.gymgmunden.at\/wp-content\/uploads\/2014\/01\/googletraffic-150x150.png\" alt=\"googletraffic\" width=\"150\" height=\"150\" \/><\/a>Du glaubst, das ist ferne Zukunftsmusik? Ohhh nein \ud83d\ude42 Schon mal etwas von &#8222;intelligenten Verkehrsservices&#8220; geh\u00f6rt? Schon man Googles Navigation versucht? Woher wei\u00df diese App besser als jedes Navigationsger\u00e4t, wo der Verkehr gerade gut l\u00e4fut, stockt, wo Stau&#8217;s sind etc? Woher wei\u00df das Navi, welche Route dich am schnellsten ans Ziel bringt, und auch noch die aktuelle Verkehrssituation ber\u00fccksichtigt? Woher wei\u00df die Navi-App, dass sie dich von deiner optimalen Route umleiten muss, weil einige Kilometer vor dir ein Unfall passiert ist? Wieso rufen moderne Autos automatisch und ohne dein Zutun den Notruf, wenn sie in einen Unfall verwickelt sind? Alles Vernetzung&#8230;<\/p>\n<p><strong><a href=\"https:\/\/www.gymgmunden.at\/wp-content\/uploads\/2014\/01\/googlecar01.png\"><img loading=\"lazy\" decoding=\"async\" class=\"size-thumbnail wp-image-6246 alignright\" src=\"https:\/\/www.gymgmunden.at\/wp-content\/uploads\/2014\/01\/googlecar01-150x150.png\" alt=\"googlecar01\" width=\"150\" height=\"150\" \/><\/a><\/strong>Schon etwas von &#8222;autonom fahrenden Autos&#8220; geh\u00f6rt? Google (und auch andere) forscht seit Jahren intensiv an selbstst\u00e4ndig fahrenden Autos. Autos, bei denen der\/die Fahrer\/in nicht mehr lenken muss, kein Gas- und Bremspedal braucht etc. Diese Bestrebungen gibt es schon seit vielen Jahren, ein erster Schritt in diese Richtung ist das Automatik-Getriebe, bei dem man nicht mehr h\u00e4ndisch die G\u00e4nge schalten muss. Ein weiterer Schritt: die Einparkhilfe. Man f\u00e4hrt bei einer Parkl\u00fccke vorbei, dr\u00fcckt einen Knopf, und das Auto parkt selbstst\u00e4ndig ein. Noch eins weiter: Gerade aktuell der Fahrspurassistent (der erkennt, wenn man unabsichtlich die Fahrspur wechselt) oder auch der Abstandsassistent (und bei erkanntem Hindernis automatisch abbremst).<\/p>\n<p><a href=\"https:\/\/www.gymgmunden.at\/wp-content\/uploads\/2014\/01\/infiniband01.png\"><img loading=\"lazy\" decoding=\"async\" class=\"alignleft size-thumbnail wp-image-6250\" src=\"https:\/\/www.gymgmunden.at\/wp-content\/uploads\/2014\/01\/infiniband01-150x150.png\" alt=\"infiniband01\" width=\"150\" height=\"150\" \/><\/a>Es g\u00e4be noch sehr, sehr viele weitere Beispiele, zum Beispiel auch ganz einfach unser Schulnetzwerk am BG BRG Gmunden. W\u00e4hrend im Netzwerk zuhause vier, f\u00fcnf, vielleicht zehn Ger\u00e4te im WLAN h\u00e4ngen, sind es bei uns in der Schule gut 250 Ger\u00e4te. Alle wollen mit Daten versorgt werden &#8211; wie funktioniert das, dass jede\/r bei jedem Arbeitsplatz immer sein\/ihr Privatverzeichnis mitgeliefert bekommt, egal, auf welchem PC man sich anmeldet? Woher wei\u00df ein Computer, wo er bei einer Google-Suche suchen muss, wohin er diese Anfrage schicken muss, und wie kommt die Antwort wieder genau auf deinen PC zur\u00fcck? Lauter Fragen &#8211; und im WPG gibt&#8217;s (nat\u00fcrlich :-)) die Antwort darauf: Netzwerktopologien, praktische Umsetzung und Aufbau eines Netzwerks, wichtige Netzwerkprotokolle (DNS, ARP, DHCP) verstehen, notwendige Serverdienste kennenlernen, und vielleicht einmal eine LAN-Party schmei\u00dfen&#8230;<\/p>\n<p>Und selbstverst\u00e4ndlich ist Sicherheit im Netzwerk ein wichtiges Thema. Gerade im &#8222;Internet of Things (IoT)&#8220;, wo jedes Babyphon, jede \u00dcberwachungskamera und auch bald jeder K\u00fchlschrank, jeder Ofen und jedes B\u00fcgeleisen im Internet h\u00e4ngen wird, wird Sicherheit ein immer wichtigerer Faktor. Ganz aktuell \u00fcbrigens dieser Beitrag auf <a href=\"http:\/\/fm4.orf.at\/stories\/1766887\/\" target=\"_blank\">fm4.orf.at vom 02.02.2016<\/a>.<\/p>\n<p><a href=\"https:\/\/www.gymgmunden.at\/wp-content\/uploads\/2014\/01\/graphen01.png\"><img loading=\"lazy\" decoding=\"async\" class=\"alignright size-thumbnail wp-image-6243\" src=\"https:\/\/www.gymgmunden.at\/wp-content\/uploads\/2014\/01\/graphen01-150x150.png\" alt=\"graphen01\" width=\"150\" height=\"150\" \/><\/a><\/p>\n<p>&nbsp;<\/p>\n<p><strong>Automaten<\/strong>: Graphentheorie. Ein scheinbar recht trockenes Thema findet Anwendung im Projektmanagement und beim Design von Ampelschaltungen bei Kreuzungen! Nach der mathematischen Theorie \u00fcber Graphen, Knoten, Kanten und diversen Verwandtschaftsbeziehungen zwischen diesen wird das Thema erstaunlich praxisnah: Wie kann eine Kreuzung so Ampel-gesteuert werden, dass der Verkehr optimal flie\u00dfen kann? Mithilfe der Graphentheorie l\u00e4sst sich dieses Problem f\u00fcr jede belieblige Kreuzung \u00fcberraschend einfach l\u00f6sen!<\/p>\n<p>&nbsp;<\/p>\n<p><a href=\"https:\/\/www.gymgmunden.at\/wp-content\/uploads\/2014\/01\/wpginformatik.jpg\"><img loading=\"lazy\" decoding=\"async\" class=\"alignleft\" src=\"https:\/\/www.gymgmunden.at\/wp-content\/uploads\/2014\/01\/wpginformatik-300x298.jpg\" alt=\"WPGInformatik\" width=\"193\" height=\"191\" \/><\/a><\/p>\n<p><strong>Kryptologie<\/strong>: Ver- und Entschl\u00fcsselungstechniken. Durch Edward Snowden so aktuell wie noch nie: Alle Welt will pl\u00f6tzlich verschl\u00fcsselt sein! Und manchen ist&#8217;s komplett wurscht. Was ist der richtige Weg? In diesem Teil betrachten wir zuerst einmal die Entwicklung der Verschl\u00fcsselungstechniken. Warum waren C\u00e4sar bei seinen Kriegen so erfolgreich? Nur wegen seiner Streitkr\u00e4fte? Wie hat C\u00e4sars Nachrichtendienst funktioniert? Was hat ein Quadrat mit genialer Verschl\u00fcsselung zu tun? Was hat Euklid (ja, der historische Mathematiker) mit deiner Bankomat- oder SIM-Karte vom Handy zu tun? All diese Fragen &#8211; und noch viel mehr &#8211; werden wir kl\u00e4ren! Und dabei wirst du feststellen, dass du im Laufe deiner Schulbahn schon schwierigere mathematische Probleme gel\u00f6st hast&#8230; Au\u00dferdem wirst du sehen, dass es gar nicht schwer ist, einen Strichcode selber zu zeichnen &#8211; auch das geh\u00f6rt zur Verschl\u00fcsselung.<\/p>\n<p><a href=\"https:\/\/www.gymgmunden.at\/wp-content\/uploads\/2014\/01\/virtualisierung01.png\"><img loading=\"lazy\" decoding=\"async\" class=\"alignright size-thumbnail wp-image-6198\" src=\"https:\/\/www.gymgmunden.at\/wp-content\/uploads\/2014\/01\/virtualisierung01-150x145.png\" alt=\"virtualisierung01\" width=\"150\" height=\"145\" \/><\/a><\/p>\n<p>&nbsp;<\/p>\n<p><strong>Virtualisierung<\/strong>: Was ist ein viruteller Computer? In unserem BG BRG Gmunden gibt&#8217;s mehrere virtuelle Computer, die die IT-Vorg\u00e4nge steuern! Gibt&#8217;s einen virtuellen Computer wirklich?, oder gibt&#8217;s den nicht? Geister? Spuk? Hokuspokus? Ohhhh nein&#8230; \ud83d\ude42 Wir werden uns die Funktionsweise virtualisierter Computer\/Server und sogar virtualisierter Netzwerke ansehen, Vorteile und Nachteile besprechen und wozu man sie \u00fcberhaupt braucht. Au\u00dferdem: Wie funktioniert unser Schulnetzwerk mit hunderten Computern und Notebooks so reibungslos? Warum treten an manchen Stellen Schwierigkeiten auf?<\/p>\n<p>&nbsp;<\/p>\n<p><strong>Graphikmanipulation\/Desktoppublishing<\/strong><\/p>\n<p>&nbsp;<\/p>\n<p><strong>Videographie und Filmschnitt<\/strong>: Diese beiden Themen k\u00f6nnen bei Interesse mit praktischen Projekten behandelt werden, aber wer sich (fast) ausschlie\u00dflich f\u00fcr diese Themen interessiert, sollte das WPG Medieninformatik w\u00e4hlen. Auch das n\u00e4chste Thema wird im WPG MINF behandelt, aber auch im WPG Inf.<\/p>\n<p>&nbsp;<\/p>\n<p><a href=\"https:\/\/www.gymgmunden.at\/wp-content\/uploads\/2014\/01\/ggg01.png\"><img loading=\"lazy\" decoding=\"async\" class=\"alignleft size-thumbnail wp-image-6196\" src=\"https:\/\/www.gymgmunden.at\/wp-content\/uploads\/2014\/01\/ggg01-150x150.png\" alt=\"ggg01\" width=\"150\" height=\"150\" \/><\/a><strong>HTML5, CSS3 und Javascript<\/strong>: Wie erstellt man Webseiten heute? Welche Technologien werden das Web heute und morgen bestimmen? Wie funktioniert das Internet \u00fcberhaupt? Wie interaktiv muss Web 2.0 sein? Gibt&#8217;s das Web 3.0 bereits? Weil Industrie 4.0 ist zur Zeit in aller Munde&#8230; Wir werden das Webseiten-Programmieren mit den Technologien HTML5, CSS3 und Javascript erlernen. Bei Interesse wenden wir uns au\u00dferdem Frameworks und CMS zu &#8211; wie setzt man in einer Stunde eine moderne Webseite mit WordPress auf? Was macht eine aktive, pr\u00e4sente und repr\u00e4sentative (Firmen-)Webseite aus? Au\u00dferdem schneiden wir Themen wie SEO (Search Engine Optimization) an. Wie bekomme ich meine Website bei Google nach ganz oben?<\/p>\n<p>&nbsp;<\/p>\n<p><a href=\"https:\/\/www.gymgmunden.at\/wp-content\/uploads\/2014\/01\/sorting01.png\"><img loading=\"lazy\" decoding=\"async\" class=\"alignright size-thumbnail wp-image-5921\" src=\"https:\/\/www.gymgmunden.at\/wp-content\/uploads\/2014\/01\/sorting01-150x150.png\" alt=\"sorting01\" width=\"150\" height=\"150\" \/><\/a><strong>Algorithmen<\/strong>: Sortieralgorithmen, Suchb\u00e4ume, Backpack-Problem,\u2026<\/p>\n<p>&nbsp;<\/p>\n<p><strong>Hardware: <\/strong>von-Neumann Architektur, von-Neumann Zyklus: Wie funktioniert ein Prozessor?<\/p>\n<p>&nbsp;<\/p>\n<p><a href=\"https:\/\/www.gymgmunden.at\/wp-content\/uploads\/2014\/01\/sql01.png\"><img loading=\"lazy\" decoding=\"async\" class=\"size-thumbnail wp-image-5928 alignleft\" src=\"https:\/\/www.gymgmunden.at\/wp-content\/uploads\/2014\/01\/sql01-150x150.png\" alt=\"sql01\" width=\"150\" height=\"150\" \/><\/a><strong>Datenbanken<\/strong> <strong>intern<\/strong>: Design, Normalisierung, Keys, SQL-Standard als zentrales Sprachelement lernen und verstehen, Installation und Arbeiten mit MySQL\/PostgreSQL<\/p>\n<p>&nbsp;<\/p>\n<p><strong>Grundlagen der theoretischen Informatik<\/strong>: Zahlensysteme, Boolsche Algebra, Schaltalgebra<\/p>\n<p>&nbsp;<\/p>\n<p><a href=\"https:\/\/www.gymgmunden.at\/wp-content\/uploads\/2014\/01\/letitgrowslow01.png\"><img loading=\"lazy\" decoding=\"async\" class=\"alignright size-thumbnail wp-image-5936\" src=\"https:\/\/www.gymgmunden.at\/wp-content\/uploads\/2014\/01\/letitgrowslow01-150x150.png\" alt=\"letitgrowslow01\" width=\"150\" height=\"150\" \/><\/a><strong>Datenschutz &amp; Urheberrecht<\/strong>: \u00dcblicherweise besch\u00e4ftigen wir uns mit diesem Thema im Rahmen des &#8222;Safer Internet Month&#8220;, der j\u00e4hrlich im bzw. rund um den Monat Februar stattfindet. Das k\u00f6nnen gr\u00f6\u00dfere Aktionen mit l\u00e4ngerer Dauer (wie z.B. &#8222;Let it grow slow&#8220;, &#8222;Couch Surfing&#8220; und QR-Codes zum Thema Internetsicherheit wie vom WPG 7. Klasse 2013 sein; oder Projekte wie &#8222;<a href=\"http:\/\/eyemash.gymgmunden.at\" target=\"_blank\">eyeMash<\/a>&#8220; 2016, einem Gemeinschaftsprojekt aller WPG Gruppen).<\/p>\n<p>&nbsp;<\/p>\n<p><a href=\"https:\/\/www.gymgmunden.at\/wp-content\/uploads\/2014\/01\/geocache.png\"><img loading=\"lazy\" decoding=\"async\" class=\"size-thumbnail wp-image-5895 alignleft\" src=\"https:\/\/www.gymgmunden.at\/wp-content\/uploads\/2014\/01\/geocache-150x150.png\" alt=\"geocache\" width=\"150\" height=\"150\" \/><\/a><strong>Geoservices<\/strong>: Funktionsweise von GPS, Positionsbestimmung durch Triangulierung, Geoservices und Datenbanken aus informatischer Sicht, sportliche Anwendung GeoCaching<br \/>\nEin Projekt eines WPGs hie\u00df &#8222;r\u00f6mischer Springer&#8220; &#8211; dabei wurden in Gmunden zwei GeoCaches erstellt und ausgelegt.<\/p>\n<p>&nbsp;<\/p>\n<p><a href=\"https:\/\/www.gymgmunden.at\/wp-content\/uploads\/2014\/01\/ccc01.jpg\"><img loading=\"lazy\" decoding=\"async\" class=\"alignright size-thumbnail wp-image-5939\" src=\"https:\/\/www.gymgmunden.at\/wp-content\/uploads\/2014\/01\/ccc01-150x150.jpg\" alt=\"ccc01\" width=\"150\" height=\"150\" \/><\/a><strong>Informatik-Challenges<\/strong>: In der Informatik gibt es viele Wettbewerbe, an denen auf Wunsch teilgenommen werden kann. F\u00fcr sehr gute Programmierer\/innen eignet sich z.B. die Catalysts Coding Contest; die Teilnahme an der Informatik-Olympiade steht allen C\/C++ oder Pascal-Programmierer\/innen offen; wer sich intensiv mit Security\/Hacking auseinandersetzt, ist mit der &#8222;Austrian Cyber Security Challenge&#8220; gut bedient; und f\u00fcr alle gibt&#8217;s den &#8222;Biber der Informatik&#8220;, der mit lustigen Aufgaben j\u00e4hrlich die Breite der Informatik aufzeigt. Im Schuljahr 2015\/16 wurden bei letzterem zwei Sch\u00fcler aus dem WPG der 6. Klasse Landes- und Bundessieger!<\/p>\n<p>&nbsp;<\/p>\n<p><strong>jederzeit<\/strong><b>: <\/b>Erarbeitung topaktueller Entwicklungen in der IT aus aktuellem Anlass oder auf Wunsch<\/p>\n<p>&nbsp;<\/p>\n<p>&nbsp;<\/p>\n","protected":false},"excerpt":{"rendered":"<p>Lego-Roboter Programmierung: Lass den Roboter durch einen Hindernis-Parcours fahren! Wer ist schneller? Wie lasse ich einen Roboter automatisch einparken? Top Themen &#8222;im Kleinformat&#8220;, wenn man an die aktuellen Entwicklungen mit autonom fahrenden Autos wie denen von Google denkt! Seit 2013 gibt es au\u00dferdem wieder eine Lego-Roboter-Gruppe bei uns am BG BRG Gmunden. Bei Interesse Teilnahme [&hellip;]<\/p>\n","protected":false},"author":1,"featured_media":0,"parent":0,"menu_order":0,"comment_status":"closed","ping_status":"closed","template":"","meta":{"footnotes":""},"class_list":["post-57","page","type-page","status-publish","hentry"],"_links":{"self":[{"href":"https:\/\/inf.gymgmunden.at\/index.php\/wp-json\/wp\/v2\/pages\/57","targetHints":{"allow":["GET"]}}],"collection":[{"href":"https:\/\/inf.gymgmunden.at\/index.php\/wp-json\/wp\/v2\/pages"}],"about":[{"href":"https:\/\/inf.gymgmunden.at\/index.php\/wp-json\/wp\/v2\/types\/page"}],"author":[{"embeddable":true,"href":"https:\/\/inf.gymgmunden.at\/index.php\/wp-json\/wp\/v2\/users\/1"}],"replies":[{"embeddable":true,"href":"https:\/\/inf.gymgmunden.at\/index.php\/wp-json\/wp\/v2\/comments?post=57"}],"version-history":[{"count":6,"href":"https:\/\/inf.gymgmunden.at\/index.php\/wp-json\/wp\/v2\/pages\/57\/revisions"}],"predecessor-version":[{"id":802,"href":"https:\/\/inf.gymgmunden.at\/index.php\/wp-json\/wp\/v2\/pages\/57\/revisions\/802"}],"wp:attachment":[{"href":"https:\/\/inf.gymgmunden.at\/index.php\/wp-json\/wp\/v2\/media?parent=57"}],"curies":[{"name":"wp","href":"https:\/\/api.w.org\/{rel}","templated":true}]}}