{"id":70,"date":"2016-02-08T09:47:18","date_gmt":"2016-02-08T08:47:18","guid":{"rendered":"https:\/\/inf.gymgmunden.at\/?page_id=70"},"modified":"2016-04-07T20:11:10","modified_gmt":"2016-04-07T18:11:10","slug":"lego-roboter","status":"publish","type":"page","link":"https:\/\/inf.gymgmunden.at\/index.php\/lego-roboter\/","title":{"rendered":"Lego Roboter"},"content":{"rendered":"<p>2015\/16: <strong>First Lego Leuage<\/strong>: Erneutes Antreten bei der FLL, Neubildung des Teams (4 Sch\u00fclerinnen der 5. Klasse) &#8211; Wettbewerb am 18.01.2016 &#8211; Sieger im Teamwettbewerb!<\/p>\n<p><a href=\"https:\/\/inf.gymgmunden.at\/wp-content\/uploads\/2016\/02\/lego2016.jpg\" rel=\"attachment wp-att-269\"><img loading=\"lazy\" decoding=\"async\" class=\"aligncenter  wp-image-269\" src=\"https:\/\/inf.gymgmunden.at\/wp-content\/uploads\/2016\/02\/lego2016.jpg\" alt=\"lego2016\" width=\"651\" height=\"501\" srcset=\"https:\/\/inf.gymgmunden.at\/wp-content\/uploads\/2016\/02\/lego2016.jpg 912w, https:\/\/inf.gymgmunden.at\/wp-content\/uploads\/2016\/02\/lego2016-300x231.jpg 300w, https:\/\/inf.gymgmunden.at\/wp-content\/uploads\/2016\/02\/lego2016-640x492.jpg 640w\" sizes=\"auto, (max-width: 651px) 100vw, 651px\" \/><\/a><\/p>\n<p>&nbsp;<\/p>\n<p>2014\/15: <strong>First Lego League<\/strong>: in Kooperation mit der Johannes Kepler Universit\u00e4t Linz: Fortf\u00fchrung der Mini-Lego-League mit 4 x Workshops (8 Sch\u00fcler\/innen der 4. Klassen &#8211; toller 5. Platz beim ersten Antreten!)<\/p>\n<p><a href=\"https:\/\/inf.gymgmunden.at\/wp-content\/uploads\/2016\/02\/20140411_114939.jpg\" rel=\"attachment wp-att-266\"><img loading=\"lazy\" decoding=\"async\" class=\"aligncenter size-large wp-image-266\" src=\"https:\/\/inf.gymgmunden.at\/wp-content\/uploads\/2016\/02\/20140411_114939-1024x768.jpg\" alt=\"20140411_114939\" width=\"640\" height=\"480\" srcset=\"https:\/\/inf.gymgmunden.at\/wp-content\/uploads\/2016\/02\/20140411_114939-1024x768.jpg 1024w, https:\/\/inf.gymgmunden.at\/wp-content\/uploads\/2016\/02\/20140411_114939-300x225.jpg 300w, https:\/\/inf.gymgmunden.at\/wp-content\/uploads\/2016\/02\/20140411_114939-640x480.jpg 640w, https:\/\/inf.gymgmunden.at\/wp-content\/uploads\/2016\/02\/20140411_114939-1010x758.jpg 1010w, https:\/\/inf.gymgmunden.at\/wp-content\/uploads\/2016\/02\/20140411_114939.jpg 1400w\" sizes=\"auto, (max-width: 640px) 100vw, 640px\" \/><\/a><\/p>\n<p>&nbsp;<\/p>\n<p>2013\/14: <strong>Lego &#8211; Roboter Minileague<\/strong>: in Kooperation mit der Johannes Kepler Universit\u00e4t Linz: 4 x Workshop mit zwei Studenten zur Vorbereitung zur Teilnahme an der Mini-Lego &#8211; League (12 Sch\u00fcler\/innen der 3. Klassen)<\/p>\n","protected":false},"excerpt":{"rendered":"<p>2015\/16: First Lego Leuage: Erneutes Antreten bei der FLL, Neubildung des Teams (4 Sch\u00fclerinnen der 5. Klasse) &#8211; Wettbewerb am 18.01.2016 &#8211; Sieger im Teamwettbewerb! &nbsp; 2014\/15: First Lego League: in Kooperation mit der Johannes Kepler Universit\u00e4t Linz: Fortf\u00fchrung der Mini-Lego-League mit 4 x Workshops (8 Sch\u00fcler\/innen der 4. Klassen &#8211; toller 5. Platz beim [&hellip;]<\/p>\n","protected":false},"author":1,"featured_media":0,"parent":0,"menu_order":0,"comment_status":"closed","ping_status":"closed","template":"","meta":{"footnotes":""},"class_list":["post-70","page","type-page","status-publish","hentry"],"_links":{"self":[{"href":"https:\/\/inf.gymgmunden.at\/index.php\/wp-json\/wp\/v2\/pages\/70","targetHints":{"allow":["GET"]}}],"collection":[{"href":"https:\/\/inf.gymgmunden.at\/index.php\/wp-json\/wp\/v2\/pages"}],"about":[{"href":"https:\/\/inf.gymgmunden.at\/index.php\/wp-json\/wp\/v2\/types\/page"}],"author":[{"embeddable":true,"href":"https:\/\/inf.gymgmunden.at\/index.php\/wp-json\/wp\/v2\/users\/1"}],"replies":[{"embeddable":true,"href":"https:\/\/inf.gymgmunden.at\/index.php\/wp-json\/wp\/v2\/comments?post=70"}],"version-history":[{"count":4,"href":"https:\/\/inf.gymgmunden.at\/index.php\/wp-json\/wp\/v2\/pages\/70\/revisions"}],"predecessor-version":[{"id":270,"href":"https:\/\/inf.gymgmunden.at\/index.php\/wp-json\/wp\/v2\/pages\/70\/revisions\/270"}],"wp:attachment":[{"href":"https:\/\/inf.gymgmunden.at\/index.php\/wp-json\/wp\/v2\/media?parent=70"}],"curies":[{"name":"wp","href":"https:\/\/api.w.org\/{rel}","templated":true}]}}