{"id":74,"date":"2016-02-08T09:53:22","date_gmt":"2016-02-08T08:53:22","guid":{"rendered":"https:\/\/inf.gymgmunden.at\/?page_id=74"},"modified":"2016-03-10T19:22:33","modified_gmt":"2016-03-10T18:22:33","slug":"formula-1-in-schools","status":"publish","type":"page","link":"https:\/\/inf.gymgmunden.at\/index.php\/formula-1-in-schools\/","title":{"rendered":"Formula 1 in schools"},"content":{"rendered":"<p>F1 in schools ist ein Technik-Wettbewerb der Extra-Klasse &#8211; vier Jahre lang haben wir mitgemacht, mit dem kr\u00f6nenden Abschluss bei der Weltmeisterschaft in Austin, Texas, USA!<\/p>\n<p>2013\/2014:<em> the falcons<\/em> belegen Rang 4 und d\u00fcrfen nach Austin, Texas, zur Weltmeisterschaft!<\/p>\n<p>2012\/2013: Das leicht ver\u00e4nderte GymGmunden-Team <em>the falcons<\/em> belegt Rang 6!<\/p>\n<p>2011\/2012: Das GymGmunden-Team <em>the falcons<\/em> hat sich re-organisiert und belegt schlussendlich Rang 12<\/p>\n<p>2010\/2011: Erster Antritt eines \u00f6sterreichischen Teams \u00fcberhaupt bei F1 in schools; Antritt beim Regionalwettbewerb in Schw\u00e4bisch-Gm\u00fcnd mit dem Comenius-Team (Tschechien, Deutschland, \u00d6sterreich) und dem GymGmunden-Team &#8222;celeritas&#8220;, erstes Kennenlernen der Wettbewerbs-Situation, die R\u00e4nge 15 und 16 werdens am Ende<\/p>\n","protected":false},"excerpt":{"rendered":"<p>F1 in schools ist ein Technik-Wettbewerb der Extra-Klasse &#8211; vier Jahre lang haben wir mitgemacht, mit dem kr\u00f6nenden Abschluss bei der Weltmeisterschaft in Austin, Texas, USA! 2013\/2014: the falcons belegen Rang 4 und d\u00fcrfen nach Austin, Texas, zur Weltmeisterschaft! 2012\/2013: Das leicht ver\u00e4nderte GymGmunden-Team the falcons belegt Rang 6! 2011\/2012: Das GymGmunden-Team the falcons hat [&hellip;]<\/p>\n","protected":false},"author":1,"featured_media":0,"parent":0,"menu_order":0,"comment_status":"closed","ping_status":"closed","template":"","meta":{"footnotes":""},"class_list":["post-74","page","type-page","status-publish","hentry"],"_links":{"self":[{"href":"https:\/\/inf.gymgmunden.at\/index.php\/wp-json\/wp\/v2\/pages\/74","targetHints":{"allow":["GET"]}}],"collection":[{"href":"https:\/\/inf.gymgmunden.at\/index.php\/wp-json\/wp\/v2\/pages"}],"about":[{"href":"https:\/\/inf.gymgmunden.at\/index.php\/wp-json\/wp\/v2\/types\/page"}],"author":[{"embeddable":true,"href":"https:\/\/inf.gymgmunden.at\/index.php\/wp-json\/wp\/v2\/users\/1"}],"replies":[{"embeddable":true,"href":"https:\/\/inf.gymgmunden.at\/index.php\/wp-json\/wp\/v2\/comments?post=74"}],"version-history":[{"count":4,"href":"https:\/\/inf.gymgmunden.at\/index.php\/wp-json\/wp\/v2\/pages\/74\/revisions"}],"predecessor-version":[{"id":109,"href":"https:\/\/inf.gymgmunden.at\/index.php\/wp-json\/wp\/v2\/pages\/74\/revisions\/109"}],"wp:attachment":[{"href":"https:\/\/inf.gymgmunden.at\/index.php\/wp-json\/wp\/v2\/media?parent=74"}],"curies":[{"name":"wp","href":"https:\/\/api.w.org\/{rel}","templated":true}]}}