{"id":82,"date":"2016-02-08T10:42:29","date_gmt":"2016-02-08T09:42:29","guid":{"rendered":"https:\/\/inf.gymgmunden.at\/?page_id=82"},"modified":"2017-01-09T15:34:25","modified_gmt":"2017-01-09T14:34:25","slug":"ist-das-was-fuer-mich","status":"publish","type":"page","link":"https:\/\/inf.gymgmunden.at\/index.php\/ist-das-was-fuer-mich\/","title":{"rendered":"Ist das was f\u00fcr mich?"},"content":{"rendered":"<p>Das WPG Informatik ist die (einzige) M\u00f6glichkeit im Gymnasium bzw. Realgymnasium, die Informatik als Wissenschaft kennen zu lernen.<\/p>\n<p>Das WPG Informatik ist bestimmt&#8230;<\/p>\n<ul style=\"list-style-type: none;\">\n<li>&#8230; f\u00fcr alle, die am Computer nicht nur das Spielen interessant finden,<\/li>\n<li>&#8230; und zur Vorbereitung auf ein Studium der Fachrichtung Informatik.<\/li>\n<\/ul>\n<p>Jedes Thema wird von Grund auf neu erarbeitet, sodass eine Teilnahme am WPG Informatik f\u00fcr jederM\u00c4DCHEN und jederBURSCH, die sich f\u00fcr Informatik interessieren, m\u00f6glich ist!<\/p>\n<p>m\u00f6gliche Themenbereiche:<\/p>\n<ul>\n<li>Programmieren (Legoroboter, C#)<\/li>\n<li>Netzwerktechnik<\/li>\n<li>Sicherheit im Internet: Hacking<\/li>\n<li>Lego-Roboter<\/li>\n<li>Verschl\u00fcsselung<\/li>\n<li>GPS<\/li>\n<li>Webseiten gestalten<\/li>\n<li>usw.<\/li>\n<\/ul>\n<p>In der 6. Klasse erarbeiten wir Programmierkonzepte zuerst anhand ausf\u00fchrlicher Legoroboter-Programmierung, anschlie\u00dfend erlernen wir das Programmieren von Windows-Anwendungen in C#. Diese Kenntnis ist Voraussetzung zum L\u00f6sen vieler informatischer Aufgabenstellungen, die im Laufe des WPGs behandelt werden. Auch kleinere Projekte werden durchgef\u00fchrt, z.B. das Organisieren einer Unterstufen IT-Challenge.<\/p>\n<p>In der 7. und 8. Klasse widmen wir uns verschiedensten Anwendungs- und Teilgebieten der Informatik und zeigen so die Breite dieser Wissenschaft auf.<\/p>\n<p>F\u00fcr n\u00e4here Infos zu den einzelnen Themengebieten erh\u00e4ltst du <a href=\"https:\/\/inf.gymgmunden.at\/index.php\/wpg-themenbereiche\/\">hier unter WPG Inhalte<\/a>!<\/p>\n<p>F\u00fcr eine Teilnahme am WPG Informatik sind keine besonderen fachlichen Voraussetzungen notwendig, von Vorteil ist logisch das Interesse f\u00fcr Verst\u00e4ndnis f\u00fcr viele Bereiche de Informationstechnologie und elektronischer Datenverarbeitung EDV.<\/p>\n","protected":false},"excerpt":{"rendered":"<p>Das WPG Informatik ist die (einzige) M\u00f6glichkeit im Gymnasium bzw. Realgymnasium, die Informatik als Wissenschaft kennen zu lernen. Das WPG Informatik ist bestimmt&#8230; &#8230; f\u00fcr alle, die am Computer nicht nur das Spielen interessant finden, &#8230; und zur Vorbereitung auf ein Studium der Fachrichtung Informatik. Jedes Thema wird von Grund auf neu erarbeitet, sodass eine [&hellip;]<\/p>\n","protected":false},"author":1,"featured_media":0,"parent":0,"menu_order":0,"comment_status":"closed","ping_status":"closed","template":"","meta":{"footnotes":""},"class_list":["post-82","page","type-page","status-publish","hentry"],"_links":{"self":[{"href":"https:\/\/inf.gymgmunden.at\/index.php\/wp-json\/wp\/v2\/pages\/82","targetHints":{"allow":["GET"]}}],"collection":[{"href":"https:\/\/inf.gymgmunden.at\/index.php\/wp-json\/wp\/v2\/pages"}],"about":[{"href":"https:\/\/inf.gymgmunden.at\/index.php\/wp-json\/wp\/v2\/types\/page"}],"author":[{"embeddable":true,"href":"https:\/\/inf.gymgmunden.at\/index.php\/wp-json\/wp\/v2\/users\/1"}],"replies":[{"embeddable":true,"href":"https:\/\/inf.gymgmunden.at\/index.php\/wp-json\/wp\/v2\/comments?post=82"}],"version-history":[{"count":7,"href":"https:\/\/inf.gymgmunden.at\/index.php\/wp-json\/wp\/v2\/pages\/82\/revisions"}],"predecessor-version":[{"id":803,"href":"https:\/\/inf.gymgmunden.at\/index.php\/wp-json\/wp\/v2\/pages\/82\/revisions\/803"}],"wp:attachment":[{"href":"https:\/\/inf.gymgmunden.at\/index.php\/wp-json\/wp\/v2\/media?parent=82"}],"curies":[{"name":"wp","href":"https:\/\/api.w.org\/{rel}","templated":true}]}}